{"id":8495,"date":"2021-07-05T08:24:32","date_gmt":"2021-07-05T06:24:32","guid":{"rendered":"http:\/\/sldesign-clients.de\/nik-security\/kontakt\/"},"modified":"2022-12-13T10:32:17","modified_gmt":"2022-12-13T09:32:17","slug":"kontakt","status":"publish","type":"page","link":"https:\/\/www.nik-security.de\/en\/kontakt\/","title":{"rendered":"Kontakt"},"content":{"rendered":"<section class=\"l-section wpb_row height_small\"><div class=\"l-section-h i-cf\"><div class=\"g-cols vc_row via_flex valign_top type_default stacking_default\"><div class=\"vc_col-sm-12 wpb_column vc_column_container\"><div class=\"vc_column-inner\"><div class=\"wpb_wrapper\"><div class=\"g-cols wpb_row via_flex valign_top type_default stacking_default\"><div class=\"vc_col-sm-12 wpb_column vc_column_container\"><div class=\"vc_column-inner\"><div class=\"wpb_wrapper\"><div class=\"w-separator size_small\"><\/div><div class=\"wpb_text_column\"><div class=\"wpb_wrapper\"><div class=\"vc_row-full-width vc_clearfix\">\n<div class=\"wpb_column vc_column_container vc_col-sm-12\">\n<div class=\"vc_column-inner \">\n<div class=\"wpb_wrapper\">\n<div class=\"wpb_text_column wpb_content_element \">\n<div class=\"wpb_wrapper\">\n<h1>CONTACT<\/h1>\n<\/div>\n<\/div>\n<\/div>\n<\/div>\n<\/div>\n<\/div>\n<\/div><\/div><div class=\"w-separator us_custom_307d7efd size_small\"><\/div><\/div><\/div><\/div><\/div><div class=\"g-cols wpb_row via_flex valign_top type_default stacking_default\"><div class=\"vc_col-sm-6 wpb_column vc_column_container\"><div class=\"vc_column-inner\"><div class=\"wpb_wrapper\"><div class=\"wpb_text_column\"><div class=\"wpb_wrapper\"><p>The NIK SECURITY team looks forward to your inquiry!<\/p>\n<\/div><\/div><div class=\"w-separator us_custom_307d7efd size_small\"><\/div><div class=\"wpb_text_column\"><div class=\"wpb_wrapper\"><p><strong>Munich office<\/strong><br \/>\nPfisterstr. 11<br \/>\n80331 M\u00fcnchen<br \/>\nE-Mail: <a href=\"mailto:info@nik-security.de\" target=\"_blank\" rel=\"noopener\">info@nik-security.de<\/a><\/p>\n<\/div><\/div><div class=\"w-separator us_custom_307d7efd size_small\"><\/div><div class=\"wpb_text_column\"><div class=\"wpb_wrapper\"><h4>Tel. +49 89 7002058<br \/>\nFreecall 0800-7002200<\/h4>\n<\/div><\/div><div class=\"w-separator us_custom_307d7efd size_small\"><\/div><div class=\"wpb_text_column\"><div class=\"wpb_wrapper\"><p><strong>Head office <\/strong><br \/>\nOberhachinger Stra\u00dfe 17<br \/>\n82031 Gr\u00fcnwald<\/p>\n<p><strong>Mailing address <\/strong><br \/>\nPostfach 100134<br \/>\n80075 M\u00fcnchen<\/p>\n<\/div><\/div><div class=\"w-separator us_custom_307d7efd size_small\"><\/div><\/div><\/div><\/div><div class=\"vc_col-sm-6 wpb_column vc_column_container\"><div class=\"vc_column-inner\"><div class=\"wpb_wrapper\"><form class=\"w-form  us-field-style_1 layout_ver show_message_after_sending for_cform us_form_1\" action=\"https:\/\/www.nik-security.de\/en\/wp-json\/wp\/v2\/pages\/8495\/\" method=\"post\"><div class=\"w-form-h\"><div class=\"w-form-row for_text required cols_2\">\r\n\t\t<div class=\"w-form-row-field\">\r\n\t\t\t\t\t\t<input aria-label=\"First name \" type=\"text\" name=\"us_form_1_text_1\" value placeholder=\"First name  *\" data-required=\"true\" aria-required=\"true\"\/>\r\n\t\t\t<\/div>\r\n\t\t<div class=\"w-form-row-state\">Fill out this field<\/div>\r\n<\/div>\r\n<div class=\"w-form-row for_text required cols_2\">\r\n\t\t<div class=\"w-form-row-field\">\r\n\t\t\t\t\t\t<input aria-label=\"Surname\" type=\"text\" name=\"us_form_1_text_2\" value placeholder=\"Surname *\" data-required=\"true\" aria-required=\"true\"\/>\r\n\t\t\t<\/div>\r\n\t\t<div class=\"w-form-row-state\">Fill out this field<\/div>\r\n<\/div>\r\n<div class=\"w-form-row for_text required\">\r\n\t\t<div class=\"w-form-row-field\">\r\n\t\t\t\t\t\t<input aria-label=\"Telefonnumber\" inputmode=\"numeric\" type=\"text\" name=\"us_form_1_text_3\" value placeholder=\"Telefonnumber *\" data-required=\"true\" aria-required=\"true\"\/>\r\n\t\t\t<\/div>\r\n\t\t<div class=\"w-form-row-state\">Fill out this field<\/div>\r\n<\/div>\r\n<div class=\"w-form-row for_email required\">\r\n\t\t<div class=\"w-form-row-field\">\r\n\t\t\t\t\t\t<input aria-label=\"E-Mail\" type=\"email\" name=\"us_form_1_email_1\" value placeholder=\"E-Mail *\" data-required=\"true\" aria-required=\"true\"\/>\r\n\t\t\t<\/div>\r\n\t\t<div class=\"w-form-row-state\">Please enter a valid email address.<\/div>\r\n<\/div>\r\n<div class=\"w-form-row for_textarea\">\r\n\t\t<div class=\"w-form-row-field\">\r\n\t\t\t\t\t\t<textarea aria-label=\"Massage\" name=\"us_form_1_textarea_1\" placeholder=\"Massage\"><\/textarea>\r\n\t\t\t<\/div>\r\n\t\t<div class=\"w-form-row-state\">Fill out this field<\/div>\r\n<\/div>\r\n<div class=\"w-form-row for_agreement required\">\r\n\t\t<div class=\"w-form-row-field\">\r\n\t\t\t\t<label>\r\n\t\t\t<input type=\"checkbox\" value=\"1\" data-required=\"true\" aria-required=\"true\" name=\"us_form_1_agreement_1\"\/>\r\n\t\t\t<span>I have read the privacy policy and agree to the storage of my data in order to answer my request. Consent can be revoked at any time by email. <\/span>\r\n\t\t<\/label>\r\n\t\t\t<\/div>\r\n\t\t<div class=\"w-form-row-state\">You need to agree with the terms to proceed<\/div>\r\n<\/div>\r\n<div class=\"w-form-row for_captcha required\">\r\n\t<div class=\"w-form-row-label\">\r\n\t\t<span> <span>17 + 12 = ?<\/span><\/span>\r\n\t<\/div>\r\n\t<div class=\"w-form-row-field\">\r\n\t\t\t\t<input type=\"hidden\" name=\"us_form_1_captcha_1_hash\" value=\"1fd2b7a0910ae67104f93d51153524a8\" \/>\r\n\t\t\t\t<input aria-label=\"us_form_1_captcha_1\" type=\"text\" name=\"us_form_1_captcha_1\" placeholder data-required=\"true\" aria-required=\"true\"\/>\r\n\t\t\t<\/div>\r\n\t\t<div class=\"w-form-row-state\">Enter the equation result to proceed<\/div>\r\n<\/div>\r\n<input type=\"hidden\" name=\"action\" value=\"us_ajax_cform\" \/>\r\n<input type=\"hidden\" name=\"post_id\" value=\"0\" \/>\r\n<input type=\"hidden\" name=\"form_index\" value=\"1\" \/>\r\n<div class=\"w-form-row for_submit align_none\"><button class=\"w-btn us-btn-style_1\" type=\"submit\" aria-label=\"Submit\"><span class=\"g-preloader type_1\"><\/span><span class=\"w-btn-label\">Submit<\/span><\/button><\/div><\/div><div class=\"w-form-message\"><\/div><div class=\"w-form-json hidden\" onclick='return {&quot;ajaxurl&quot;:&quot;https:\\\/\\\/www.nik-security.de\\\/wp-admin\\\/admin-ajax.php&quot;,&quot;messages&quot;:{&quot;err_empty&quot;:&quot;Fill out this field&quot;,&quot;err_size&quot;:&quot;File size cannot exceed %s MB&quot;,&quot;err_extension&quot;:&quot;%s file type is not allowed&quot;,&quot;err_recaptcha_keys&quot;:&quot;reCAPTCHA keys are incorrect&quot;}}'><\/div><\/form><\/div><\/div><\/div><\/div><\/div><\/div><\/div><\/div><\/div><\/section><section class=\"l-section wpb_row height_auto\"><div class=\"l-section-h i-cf\"><div class=\"g-cols vc_row via_flex valign_top type_default stacking_default\"><div class=\"vc_col-sm-12 wpb_column vc_column_container\"><div class=\"vc_column-inner\"><div class=\"wpb_wrapper\"><div class=\"w-separator size_medium\"><\/div><div class=\"wpb_text_column\"><div class=\"wpb_wrapper\"><p>Share:<\/p>\n<\/div><\/div><div class=\"w-sharing us_custom_c82a2d30 type_simple align_none color_primary\"><div class=\"w-sharing-list\" data-content-image=\"true\"><a class=\"w-sharing-item email\" href=\"mailto:?subject=Kontakt&amp;body=https:\/\/www.nik-security.de\/en\/wp-json\/wp\/v2\/pages\/8495\/\" title=\"Email this\" aria-label=\"Email this\"><i class=\"fas fa-envelope\"><\/i><\/a><a class=\"w-sharing-item facebook\" href=\"https:\/\/www.facebook.com\/sharer\/sharer.php?u=https:\/\/www.nik-security.de\/en\/wp-json\/wp\/v2\/pages\/8495\/&amp;quote=Kontakt\" title=\"Share this\" aria-label=\"Share this\" onclick=\"window.open(this.href, &quot;facebook&quot;, &quot;toolbar=0,width=900,height=500&quot;); return false;\"><i class=\"fab fa-facebook\"><\/i><\/a><a class=\"w-sharing-item linkedin\" href=\"https:\/\/www.linkedin.com\/shareArticle?mini=true&amp;url=https:\/\/www.nik-security.de\/en\/wp-json\/wp\/v2\/pages\/8495\/\" title=\"Share this\" aria-label=\"Share this\" onclick=\"window.open(this.href, &quot;linkedin&quot;, &quot;toolbar=no,width=550,height=550&quot;); return false;\"><i class=\"fab fa-linkedin\"><\/i><\/a><a class=\"w-sharing-item whatsapp\" href=\"https:\/\/web.whatsapp.com\/send?text=Kontakt https:\/\/www.nik-security.de\/en\/wp-json\/wp\/v2\/pages\/8495\/\" title=\"Share this\" aria-label=\"Share this\" onclick=\"window.open(this.href, &quot;whatsapp&quot;, &quot;toolbar=0,width=900,height=500&quot;); return false;\"><i class=\"fab fa-whatsapp\"><\/i><\/a><a class=\"w-sharing-item xing\" href=\"https:\/\/www.xing.com\/spi\/shares\/new?url=https:\/\/www.nik-security.de\/en\/wp-json\/wp\/v2\/pages\/8495\/\" title=\"Share this\" aria-label=\"Share this\" onclick=\"window.open(this.href, &quot;xing&quot;, &quot;toolbar=no,width=900,height=500&quot;); return false;\"><i class=\"fab fa-xing\"><\/i><\/a><\/div><div class=\"w-sharing-tooltip active\" style=\"display:none\" data-sharing-area=\"l-main\"><div  class=\"w-sharing-list\" data-content-image=\"true\" data-sharing-url=\"https:\/\/www.nik-security.de\/en\/wp-json\/wp\/v2\/pages\/8495\/\"><a  class=\"w-sharing-item email\" title=\"Email this\" aria-label=\"Email this\" data-url=\"mailto:?subject={{text}}&amp;body=https:\/\/www.nik-security.de\/en\/wp-json\/wp\/v2\/pages\/8495\/\"><i class=\"fas fa-envelope\"><\/i><\/a><a  class=\"w-sharing-item facebook\" title=\"Share this\" aria-label=\"Share this\" onclick=\"window.open(this.href, &quot;facebook&quot;, &quot;toolbar=0,width=900,height=500&quot;); return false;\" data-url=\"https:\/\/www.facebook.com\/sharer\/sharer.php?u=https:\/\/www.nik-security.de\/en\/wp-json\/wp\/v2\/pages\/8495\/&amp;quote={{text}}\"><i class=\"fab fa-facebook\"><\/i><\/a><a  class=\"w-sharing-item linkedin\" title=\"Share this\" aria-label=\"Share this\" onclick=\"window.open(this.href, &quot;linkedin&quot;, &quot;toolbar=no,width=550,height=550&quot;); return false;\" data-url=\"https:\/\/www.linkedin.com\/shareArticle?mini=true&amp;url=https:\/\/www.nik-security.de\/en\/wp-json\/wp\/v2\/pages\/8495\/\"><i class=\"fab fa-linkedin\"><\/i><\/a><a  class=\"w-sharing-item whatsapp\" title=\"Share this\" aria-label=\"Share this\" onclick=\"window.open(this.href, &quot;whatsapp&quot;, &quot;toolbar=0,width=900,height=500&quot;); return false;\" data-url=\"https:\/\/web.whatsapp.com\/send?text={{text}} https:\/\/www.nik-security.de\/en\/wp-json\/wp\/v2\/pages\/8495\/\"><i class=\"fab fa-whatsapp\"><\/i><\/a><a  class=\"w-sharing-item xing\" title=\"Share this\" aria-label=\"Share this\" onclick=\"window.open(this.href, &quot;xing&quot;, &quot;toolbar=no,width=900,height=500&quot;); return false;\" data-url=\"https:\/\/www.xing.com\/spi\/shares\/new?url=https:\/\/www.nik-security.de\/en\/wp-json\/wp\/v2\/pages\/8495\/\"><i class=\"fab fa-xing\"><\/i><\/a><button class=\"w-sharing-item copy2clipboard\" title=\"Copy\" aria-label=\"Copy\"><i class=\"fas fa-copy\"><\/i><\/button><\/div><\/div><\/div><div class=\"w-separator size_medium\"><\/div><\/div><\/div><\/div><\/div><\/div><\/section>\n","protected":false},"excerpt":{"rendered":"CONTACT The NIK SECURITY team looks forward to your inquiry! Munich office Pfisterstr. 11 80331 M\u00fcnchen E-Mail: info@nik-security.de Tel. +49 89 7002058 Freecall 0800-7002200 Head office Oberhachinger Stra\u00dfe 17 82031 Gr\u00fcnwald Mailing address Postfach 100134 80075 M\u00fcnchen Fill out this field Fill out this field Fill out this field Please enter a valid email address....","protected":false},"author":1,"featured_media":0,"parent":0,"menu_order":0,"comment_status":"closed","ping_status":"closed","template":"","meta":{"_acf_changed":false,"_exactmetrics_skip_tracking":false,"_exactmetrics_sitenote_active":false,"_exactmetrics_sitenote_note":"","_exactmetrics_sitenote_category":0,"footnotes":""},"class_list":["post-8495","page","type-page","status-publish","hentry"],"acf":[],"yoast_head":"<!-- This site is optimized with the Yoast SEO plugin v27.5 - https:\/\/yoast.com\/product\/yoast-seo-wordpress\/ -->\n<title>Kontakt - Security, Sicherheitsdienst, Personenschutz, Limousinenservice NIK SECURITY \u2013 Ihr Sicherheitsdienst<\/title>\n<meta name=\"robots\" content=\"index, follow, max-snippet:-1, max-image-preview:large, max-video-preview:-1\" \/>\n<link rel=\"canonical\" href=\"https:\/\/www.nik-security.de\/en\/kontakt\/\" \/>\n<meta property=\"og:locale\" content=\"en_US\" \/>\n<meta property=\"og:type\" content=\"article\" \/>\n<meta property=\"og:title\" content=\"Kontakt - Security, Sicherheitsdienst, Personenschutz, Limousinenservice NIK SECURITY \u2013 Ihr Sicherheitsdienst\" \/>\n<meta property=\"og:url\" content=\"https:\/\/www.nik-security.de\/en\/kontakt\/\" \/>\n<meta property=\"og:site_name\" content=\"Security, Sicherheitsdienst, Personenschutz, Limousinenservice NIK SECURITY \u2013 Ihr Sicherheitsdienst\" \/>\n<meta property=\"article:modified_time\" content=\"2022-12-13T09:32:17+00:00\" \/>\n<meta name=\"twitter:card\" content=\"summary_large_image\" \/>\n<meta name=\"twitter:label1\" content=\"Est. reading time\" \/>\n\t<meta name=\"twitter:data1\" content=\"1 minute\" \/>\n<script type=\"application\/ld+json\" class=\"yoast-schema-graph\">{\"@context\":\"https:\\\/\\\/schema.org\",\"@graph\":[{\"@type\":\"WebPage\",\"@id\":\"https:\\\/\\\/www.nik-security.de\\\/en\\\/kontakt\\\/\",\"url\":\"https:\\\/\\\/www.nik-security.de\\\/en\\\/kontakt\\\/\",\"name\":\"Kontakt - Security, Sicherheitsdienst, Personenschutz, Limousinenservice NIK SECURITY \u2013 Ihr Sicherheitsdienst\",\"isPartOf\":{\"@id\":\"https:\\\/\\\/www.nik-security.de\\\/en\\\/#website\"},\"datePublished\":\"2021-07-05T06:24:32+00:00\",\"dateModified\":\"2022-12-13T09:32:17+00:00\",\"breadcrumb\":{\"@id\":\"https:\\\/\\\/www.nik-security.de\\\/en\\\/kontakt\\\/#breadcrumb\"},\"inLanguage\":\"en-US\",\"potentialAction\":[{\"@type\":\"ReadAction\",\"target\":[\"https:\\\/\\\/www.nik-security.de\\\/en\\\/kontakt\\\/\"]}]},{\"@type\":\"BreadcrumbList\",\"@id\":\"https:\\\/\\\/www.nik-security.de\\\/en\\\/kontakt\\\/#breadcrumb\",\"itemListElement\":[{\"@type\":\"ListItem\",\"position\":1,\"name\":\"Startseite\",\"item\":\"https:\\\/\\\/www.nik-security.de\\\/en\\\/\"},{\"@type\":\"ListItem\",\"position\":2,\"name\":\"Kontakt\"}]},{\"@type\":\"WebSite\",\"@id\":\"https:\\\/\\\/www.nik-security.de\\\/en\\\/#website\",\"url\":\"https:\\\/\\\/www.nik-security.de\\\/en\\\/\",\"name\":\"Security, Sicherheitsdienst, Personenschutz, Limousinenservice NIK SECURITY \u2013 Ihr Sicherheitsdienst\",\"description\":\"Als Sicherheitsdienst legen wir besonderen Wert darauf, unsere Kunden individuell, pers\u00f6nlich und mit gro\u00dfem Engagement zum Thema Sicherheit ganzheitlich und professionell zu beraten und zu betreuen.\",\"potentialAction\":[{\"@type\":\"SearchAction\",\"target\":{\"@type\":\"EntryPoint\",\"urlTemplate\":\"https:\\\/\\\/www.nik-security.de\\\/en\\\/?s={search_term_string}\"},\"query-input\":{\"@type\":\"PropertyValueSpecification\",\"valueRequired\":true,\"valueName\":\"search_term_string\"}}],\"inLanguage\":\"en-US\"}]}<\/script>\n<!-- \/ Yoast SEO plugin. -->","yoast_head_json":{"title":"Kontakt - Security, Sicherheitsdienst, Personenschutz, Limousinenservice NIK SECURITY \u2013 Ihr Sicherheitsdienst","robots":{"index":"index","follow":"follow","max-snippet":"max-snippet:-1","max-image-preview":"max-image-preview:large","max-video-preview":"max-video-preview:-1"},"canonical":"https:\/\/www.nik-security.de\/en\/kontakt\/","og_locale":"en_US","og_type":"article","og_title":"Kontakt - Security, Sicherheitsdienst, Personenschutz, Limousinenservice NIK SECURITY \u2013 Ihr Sicherheitsdienst","og_url":"https:\/\/www.nik-security.de\/en\/kontakt\/","og_site_name":"Security, Sicherheitsdienst, Personenschutz, Limousinenservice NIK SECURITY \u2013 Ihr Sicherheitsdienst","article_modified_time":"2022-12-13T09:32:17+00:00","twitter_card":"summary_large_image","twitter_misc":{"Est. reading time":"1 minute"},"schema":{"@context":"https:\/\/schema.org","@graph":[{"@type":"WebPage","@id":"https:\/\/www.nik-security.de\/en\/kontakt\/","url":"https:\/\/www.nik-security.de\/en\/kontakt\/","name":"Kontakt - Security, Sicherheitsdienst, Personenschutz, Limousinenservice NIK SECURITY \u2013 Ihr Sicherheitsdienst","isPartOf":{"@id":"https:\/\/www.nik-security.de\/en\/#website"},"datePublished":"2021-07-05T06:24:32+00:00","dateModified":"2022-12-13T09:32:17+00:00","breadcrumb":{"@id":"https:\/\/www.nik-security.de\/en\/kontakt\/#breadcrumb"},"inLanguage":"en-US","potentialAction":[{"@type":"ReadAction","target":["https:\/\/www.nik-security.de\/en\/kontakt\/"]}]},{"@type":"BreadcrumbList","@id":"https:\/\/www.nik-security.de\/en\/kontakt\/#breadcrumb","itemListElement":[{"@type":"ListItem","position":1,"name":"Startseite","item":"https:\/\/www.nik-security.de\/en\/"},{"@type":"ListItem","position":2,"name":"Kontakt"}]},{"@type":"WebSite","@id":"https:\/\/www.nik-security.de\/en\/#website","url":"https:\/\/www.nik-security.de\/en\/","name":"Security, Sicherheitsdienst, Personenschutz, Limousinenservice NIK SECURITY \u2013 Ihr Sicherheitsdienst","description":"Als Sicherheitsdienst legen wir besonderen Wert darauf, unsere Kunden individuell, pers\u00f6nlich und mit gro\u00dfem Engagement zum Thema Sicherheit ganzheitlich und professionell zu beraten und zu betreuen.","potentialAction":[{"@type":"SearchAction","target":{"@type":"EntryPoint","urlTemplate":"https:\/\/www.nik-security.de\/en\/?s={search_term_string}"},"query-input":{"@type":"PropertyValueSpecification","valueRequired":true,"valueName":"search_term_string"}}],"inLanguage":"en-US"}]}},"_links":{"self":[{"href":"https:\/\/www.nik-security.de\/en\/wp-json\/wp\/v2\/pages\/8495","targetHints":{"allow":["GET"]}}],"collection":[{"href":"https:\/\/www.nik-security.de\/en\/wp-json\/wp\/v2\/pages"}],"about":[{"href":"https:\/\/www.nik-security.de\/en\/wp-json\/wp\/v2\/types\/page"}],"author":[{"embeddable":true,"href":"https:\/\/www.nik-security.de\/en\/wp-json\/wp\/v2\/users\/1"}],"replies":[{"embeddable":true,"href":"https:\/\/www.nik-security.de\/en\/wp-json\/wp\/v2\/comments?post=8495"}],"version-history":[{"count":2,"href":"https:\/\/www.nik-security.de\/en\/wp-json\/wp\/v2\/pages\/8495\/revisions"}],"predecessor-version":[{"id":9362,"href":"https:\/\/www.nik-security.de\/en\/wp-json\/wp\/v2\/pages\/8495\/revisions\/9362"}],"wp:attachment":[{"href":"https:\/\/www.nik-security.de\/en\/wp-json\/wp\/v2\/media?parent=8495"}],"curies":[{"name":"wp","href":"https:\/\/api.w.org\/{rel}","templated":true}]}}