{"id":8504,"date":"2021-07-05T08:43:24","date_gmt":"2021-07-05T06:43:24","guid":{"rendered":"http:\/\/sldesign-clients.de\/nik-security\/impressum\/"},"modified":"2024-08-20T00:40:53","modified_gmt":"2024-08-19T22:40:53","slug":"impressum","status":"publish","type":"page","link":"https:\/\/www.nik-security.de\/en\/impressum\/","title":{"rendered":"Impressum"},"content":{"rendered":"<section class=\"l-section wpb_row height_small\"><div class=\"l-section-h i-cf\"><div class=\"g-cols vc_row via_flex valign_top type_default stacking_default\"><div class=\"vc_col-sm-12 wpb_column vc_column_container\"><div class=\"vc_column-inner\"><div class=\"wpb_wrapper\"><div class=\"g-cols wpb_row via_flex valign_top type_default stacking_default\"><div class=\"vc_col-sm-12 wpb_column vc_column_container\"><div class=\"vc_column-inner\"><div class=\"wpb_wrapper\"><div class=\"wpb_text_column\"><div class=\"wpb_wrapper\"><div class=\"wpb_text_column wpb_content_element \">\n<div class=\"wpb_wrapper\">\n<div class=\"wpb_text_column wpb_content_element \">\n<div class=\"wpb_wrapper\">\n<div class=\"av-special-heading av-special-heading-h2 blockquote modern-quote avia-builder-el-1 el_after_av_google_map el_before_av_textblock avia-builder-el-first \">\n<h1 class=\"av-special-heading-tag \">Impressum NIK SECURITY M\u00fcnchen<\/h1>\n<p>&nbsp;<\/p>\n<\/div>\n<section class=\"av_textblock_section \">\n<div class=\"avia_textblock \">\n<h2>Angaben gem\u00e4\u00df \u00a7 5 TMG<\/h2>\n<p>Zentrale<br \/>\nNIK SECURITY e. Kfm.<br \/>\nOberhachinger Stra\u00dfe 17<br \/>\n82031 Gr\u00fcnwald<\/p>\n<p><strong>Inhaber<\/strong><br \/>\nMohsen Nik Farjam<\/p>\n<h3>Postadresse<\/h3>\n<p>Postanschrift:<br \/>\nPostfach 100134<br \/>\n80075 M\u00fcnchen<\/p>\n<p>Office M\u00fcnchen<br \/>\nPfisterstra\u00dfe 11<br \/>\n80331 M\u00fcnchen<\/p>\n<h3>Kontakt<\/h3>\n<p>Telefon: +49-89-7002058<br \/>\nTelefax: +49-89-69393787<br \/>\nE-Mail: nik@nik-security.de<\/p>\n<h3>Registereintrag<\/h3>\n<p>Eintragung im Handelsregister.<br \/>\nRegistergericht: AG M\u00fcnchen<br \/>\nRegisternummer: HRA 74744<\/p>\n<h3>Umsatzsteuer<\/h3>\n<p>Umsatzsteuer-Identifikationsnummer gem\u00e4\u00df \u00a727 a Umsatzsteuergesetz:<br \/>\nDE 197128239<\/p>\n<h3>Aufsichtsbeh\u00f6rde<\/h3>\n<p>Landratsamt M\u00fcnchen<br \/>\nFrankenthaler Stra\u00dfe 5 &#8211; 9<br \/>\n81539 M\u00fcnchen<\/p>\n<p><a href=\"http:\/\/www.landkreis-muenchen.de\/landratsamt\/\" target=\"_blank\" rel=\"noopener noreferrer nofollow\">http:\/\/www.landkreis-muenchen.de\/landratsamt\/<\/a><\/p>\n<h3>Streitschlichtung<\/h3>\n<p>Die Europ\u00e4ische Kommission stellt eine Plattform zur Online-Streitbeilegung (OS) bereit:\u00a0<a href=\"https:\/\/ec.europa.eu\/consumers\/odr\" target=\"_blank\" rel=\"noopener noreferrer nofollow\">https:\/\/ec.europa.eu\/consumers\/odr<\/a>.<br \/>\nUnsere E-Mail-Adresse finden Sie oben im Impressum.<\/p>\n<p>Wir sind nicht bereit oder verpflichtet, an Streitbeilegungsverfahren vor einer Verbraucherschlichtungsstelle teilzunehmen.<\/p>\n<h3>Inhalte der Website<\/h3>\n<p>Die Inhalte dieses Webauftritts werden mit gr\u00f6\u00dftm\u00f6glicher Sorgfalt erstellt. Wir \u00fcbernehmen jedoch keine Gew\u00e4hr f\u00fcr die Richtigkeit, Vollst\u00e4ndigkeit und Aktualit\u00e4t der bereitgestellten Inhalte.<\/p>\n<h3>Hinweis zur Verwendung externer Links<\/h3>\n<p>Wir sind f\u00fcr die eigenen Inhalte, die wir zur Nutzung bereithalten, nach den allgemeinen Gesetzen verantwortlich. Von diesen eigenen Inhalten sind Querverweise (Links) auf die von anderen Anbietenden bereitgehaltenen Inhalte zu unterscheiden. Durch den Querverweis halten wir insofern fremde Inhalte zur Nutzung bereit, die als Link gekennzeichnet sind.<br \/>\nBei Links handelt es sich um dynamische Verweisungen. Wir haben bei der erstmaligen Verkn\u00fcpfung zwar den fremden Inhalt daraufhin \u00fcberpr\u00fcft, ob durch ihn eine m\u00f6gliche zivilrechtliche oder strafrechtliche Verantwortlichkeit ausgel\u00f6st wird. Wir \u00fcberpr\u00fcfen aber die Inhalte, auf die wir in unserem Angebot verweisen, nicht st\u00e4ndig auf Ver\u00e4nderungen, die eine Verantwortlichkeit neu begr\u00fcnden k\u00f6nnten. Wenn wir feststellen oder von anderen darauf hingewiesen werden, dass ein konkretes Angebot, zu dem wir einen Link bereitgestellt haen, eine zivil- oder strafrechtliche Verantwortlichkeit ausl\u00f6st, werden wir den Verweis auf dieses Angebot aufheben.<\/p>\n<h3>Urheberrecht<\/h3>\n<p>Die durch die Seitenbetreiber erstellten Inhalte und Werke auf diesen Seiten unterliegen dem deutschen Urheberrecht. Die Vervielf\u00e4ltigung, Bearbeitung, Verbreitung und jede Art der Verwertung au\u00dferhalb der Grenzen des Urheberrechtes bed\u00fcrfen der schriftlichen Zustimmung des jeweiligen Autors bzw. Erstellers. Downloads und Kopien dieser Seite sind nur f\u00fcr den privaten, nicht kommerziellen Gebrauch gestattet.<\/p>\n<p>Soweit die Inhalte auf dieser Seite nicht vom Betreiber erstellt wurden, werden die Urheberrechte Dritter beachtet. Insbesondere werden Inhalte Dritter als solche gekennzeichnet. Sollten Sie trotzdem auf eine Urheberrechtsverletzung aufmerksam werden, bitten wir um einen entsprechenden Hinweis. Bei Bekanntwerden von Rechtsverletzungen werden wir derartige Inhalte umgehend entfernen.<\/p>\n<h3>Hinweis<\/h3>\n<p>Wir sind f\u00fcr unsere Kunden regelm\u00e4\u00dfig in ganz Deutschland sowie im Ausland im sicherheitsdienstlichen Einsatz.<br \/>\nIn den auf dieser Internetseite aufgef\u00fchrten St\u00e4dten und L\u00e4ndern betreiben wir keine Niederlassungen, sondern bereisen diese im Rahmen unserer detektivischen T\u00e4tigkeiten, Observationen und Ermittlungen.<\/p>\n<header>\n<h3>Copyright<\/h3>\n<\/header>\n<p>Alle Texte auf Nik Security sind exklusiv und Eigentum von Nik Security. Sie d\u00fcrfen nicht, auch nicht unter Quellenangabe, verwendet und auf anderen Internetseiten oder in anderen Medien ver\u00f6ffentlicht werden. Interviews, Fotos, Logos etc. wurden uns von den Interviewpartnern bzw. deren Vertretern\/Agenturen zur Verf\u00fcgung gestellt. Eine vollst\u00e4ndige Pr\u00fcfung von Rechten Dritter ist uns nicht m\u00f6glich. Sollte Interesse bestehen, Interviews oder Ausz\u00fcge eines Interviews zu verwenden, bedarf dies der schriftlichen Zusage von NIK SECURITY und der Interviewpartner. Alle Interviews, Texte, Fotos, Logos etc. wurden uns von den Interviewpartnern bzw. deren Vertretern\/Agenturen zur Verf\u00fcgung gestellt. Eine vollst\u00e4ndige Pr\u00fcfung von Rechten Dritter ist uns nicht m\u00f6glich.<\/p>\n<h3>Bildmaterial<\/h3>\n<p>#31654440 \u00a9Eisenhans, #35789791 \u00a9tagstiles.com, #28364996 \u00a9Michael Tieck, #36508198 \u00a9fotovika \u2013 www.fotolia.com, Shutterstock<\/p>\n<h3>Konzeption und Umsetzung<\/h3>\n<p>sl design\u00ae Full-Service Werbeagentur M\u00fcnchen<br \/>\n<a href=\"mailto:info@s-l-design.de\" target=\"_blank\" rel=\"noopener\">info@s-l-design.de<\/a><br \/>\n<a href=\"https:\/\/www.s-l-design.de\" target=\"_blank\" rel=\"noopener\">www.s-l-design.de<\/a><\/p>\n<\/div>\n<\/section>\n<\/div>\n<\/div>\n<\/div>\n<\/div>\n<\/div><\/div><div class=\"w-separator size_large\"><\/div><\/div><\/div><\/div><\/div><\/div><\/div><\/div><\/div><\/div><\/section>\n","protected":false},"excerpt":{"rendered":"Impressum NIK SECURITY M\u00fcnchen &nbsp; Angaben gem\u00e4\u00df \u00a7 5 TMG Zentrale NIK SECURITY e. Kfm. Oberhachinger Stra\u00dfe 17 82031 Gr\u00fcnwald Inhaber Mohsen Nik Farjam Postadresse Postanschrift: Postfach 100134 80075 M\u00fcnchen Office M\u00fcnchen Pfisterstra\u00dfe 11 80331 M\u00fcnchen Kontakt Telefon: +49-89-7002058 Telefax: +49-89-69393787 E-Mail: nik@nik-security.de Registereintrag Eintragung im Handelsregister. Registergericht: AG M\u00fcnchen Registernummer: HRA 74744 Umsatzsteuer Umsatzsteuer-Identifikationsnummer...","protected":false},"author":1,"featured_media":0,"parent":0,"menu_order":0,"comment_status":"closed","ping_status":"closed","template":"","meta":{"_acf_changed":false,"_exactmetrics_skip_tracking":false,"_exactmetrics_sitenote_active":false,"_exactmetrics_sitenote_note":"","_exactmetrics_sitenote_category":0,"footnotes":""},"class_list":["post-8504","page","type-page","status-publish","hentry"],"acf":[],"yoast_head":"<!-- This site is optimized with the Yoast SEO plugin v27.3 - https:\/\/yoast.com\/product\/yoast-seo-wordpress\/ -->\n<title>Impressum - Security, Sicherheitsdienst, Personenschutz, Limousinenservice NIK SECURITY \u2013 Ihr Sicherheitsdienst<\/title>\n<meta name=\"robots\" content=\"index, follow, max-snippet:-1, max-image-preview:large, max-video-preview:-1\" \/>\n<link rel=\"canonical\" href=\"https:\/\/www.nik-security.de\/en\/impressum\/\" \/>\n<meta property=\"og:locale\" content=\"en_US\" \/>\n<meta property=\"og:type\" content=\"article\" \/>\n<meta property=\"og:title\" content=\"Impressum - Security, Sicherheitsdienst, Personenschutz, Limousinenservice NIK SECURITY \u2013 Ihr Sicherheitsdienst\" \/>\n<meta property=\"og:url\" content=\"https:\/\/www.nik-security.de\/en\/impressum\/\" \/>\n<meta property=\"og:site_name\" content=\"Security, Sicherheitsdienst, Personenschutz, Limousinenservice NIK SECURITY \u2013 Ihr Sicherheitsdienst\" \/>\n<meta property=\"article:modified_time\" content=\"2024-08-19T22:40:53+00:00\" \/>\n<meta name=\"twitter:card\" content=\"summary_large_image\" \/>\n<meta name=\"twitter:label1\" content=\"Est. reading time\" \/>\n\t<meta name=\"twitter:data1\" content=\"3 minutes\" \/>\n<script type=\"application\/ld+json\" class=\"yoast-schema-graph\">{\"@context\":\"https:\\\/\\\/schema.org\",\"@graph\":[{\"@type\":\"WebPage\",\"@id\":\"https:\\\/\\\/www.nik-security.de\\\/en\\\/impressum\\\/\",\"url\":\"https:\\\/\\\/www.nik-security.de\\\/en\\\/impressum\\\/\",\"name\":\"Impressum - Security, Sicherheitsdienst, Personenschutz, Limousinenservice NIK SECURITY \u2013 Ihr Sicherheitsdienst\",\"isPartOf\":{\"@id\":\"https:\\\/\\\/www.nik-security.de\\\/en\\\/#website\"},\"datePublished\":\"2021-07-05T06:43:24+00:00\",\"dateModified\":\"2024-08-19T22:40:53+00:00\",\"breadcrumb\":{\"@id\":\"https:\\\/\\\/www.nik-security.de\\\/en\\\/impressum\\\/#breadcrumb\"},\"inLanguage\":\"en-US\",\"potentialAction\":[{\"@type\":\"ReadAction\",\"target\":[\"https:\\\/\\\/www.nik-security.de\\\/en\\\/impressum\\\/\"]}]},{\"@type\":\"BreadcrumbList\",\"@id\":\"https:\\\/\\\/www.nik-security.de\\\/en\\\/impressum\\\/#breadcrumb\",\"itemListElement\":[{\"@type\":\"ListItem\",\"position\":1,\"name\":\"Startseite\",\"item\":\"https:\\\/\\\/www.nik-security.de\\\/en\\\/\"},{\"@type\":\"ListItem\",\"position\":2,\"name\":\"Impressum\"}]},{\"@type\":\"WebSite\",\"@id\":\"https:\\\/\\\/www.nik-security.de\\\/en\\\/#website\",\"url\":\"https:\\\/\\\/www.nik-security.de\\\/en\\\/\",\"name\":\"Security, Sicherheitsdienst, Personenschutz, Limousinenservice NIK SECURITY \u2013 Ihr Sicherheitsdienst\",\"description\":\"Als Sicherheitsdienst legen wir besonderen Wert darauf, unsere Kunden individuell, pers\u00f6nlich und mit gro\u00dfem Engagement zum Thema Sicherheit ganzheitlich und professionell zu beraten und zu betreuen.\",\"potentialAction\":[{\"@type\":\"SearchAction\",\"target\":{\"@type\":\"EntryPoint\",\"urlTemplate\":\"https:\\\/\\\/www.nik-security.de\\\/en\\\/?s={search_term_string}\"},\"query-input\":{\"@type\":\"PropertyValueSpecification\",\"valueRequired\":true,\"valueName\":\"search_term_string\"}}],\"inLanguage\":\"en-US\"}]}<\/script>\n<!-- \/ Yoast SEO plugin. -->","yoast_head_json":{"title":"Impressum - Security, Sicherheitsdienst, Personenschutz, Limousinenservice NIK SECURITY \u2013 Ihr Sicherheitsdienst","robots":{"index":"index","follow":"follow","max-snippet":"max-snippet:-1","max-image-preview":"max-image-preview:large","max-video-preview":"max-video-preview:-1"},"canonical":"https:\/\/www.nik-security.de\/en\/impressum\/","og_locale":"en_US","og_type":"article","og_title":"Impressum - Security, Sicherheitsdienst, Personenschutz, Limousinenservice NIK SECURITY \u2013 Ihr Sicherheitsdienst","og_url":"https:\/\/www.nik-security.de\/en\/impressum\/","og_site_name":"Security, Sicherheitsdienst, Personenschutz, Limousinenservice NIK SECURITY \u2013 Ihr Sicherheitsdienst","article_modified_time":"2024-08-19T22:40:53+00:00","twitter_card":"summary_large_image","twitter_misc":{"Est. reading time":"3 minutes"},"schema":{"@context":"https:\/\/schema.org","@graph":[{"@type":"WebPage","@id":"https:\/\/www.nik-security.de\/en\/impressum\/","url":"https:\/\/www.nik-security.de\/en\/impressum\/","name":"Impressum - Security, Sicherheitsdienst, Personenschutz, Limousinenservice NIK SECURITY \u2013 Ihr Sicherheitsdienst","isPartOf":{"@id":"https:\/\/www.nik-security.de\/en\/#website"},"datePublished":"2021-07-05T06:43:24+00:00","dateModified":"2024-08-19T22:40:53+00:00","breadcrumb":{"@id":"https:\/\/www.nik-security.de\/en\/impressum\/#breadcrumb"},"inLanguage":"en-US","potentialAction":[{"@type":"ReadAction","target":["https:\/\/www.nik-security.de\/en\/impressum\/"]}]},{"@type":"BreadcrumbList","@id":"https:\/\/www.nik-security.de\/en\/impressum\/#breadcrumb","itemListElement":[{"@type":"ListItem","position":1,"name":"Startseite","item":"https:\/\/www.nik-security.de\/en\/"},{"@type":"ListItem","position":2,"name":"Impressum"}]},{"@type":"WebSite","@id":"https:\/\/www.nik-security.de\/en\/#website","url":"https:\/\/www.nik-security.de\/en\/","name":"Security, Sicherheitsdienst, Personenschutz, Limousinenservice NIK SECURITY \u2013 Ihr Sicherheitsdienst","description":"Als Sicherheitsdienst legen wir besonderen Wert darauf, unsere Kunden individuell, pers\u00f6nlich und mit gro\u00dfem Engagement zum Thema Sicherheit ganzheitlich und professionell zu beraten und zu betreuen.","potentialAction":[{"@type":"SearchAction","target":{"@type":"EntryPoint","urlTemplate":"https:\/\/www.nik-security.de\/en\/?s={search_term_string}"},"query-input":{"@type":"PropertyValueSpecification","valueRequired":true,"valueName":"search_term_string"}}],"inLanguage":"en-US"}]}},"_links":{"self":[{"href":"https:\/\/www.nik-security.de\/en\/wp-json\/wp\/v2\/pages\/8504","targetHints":{"allow":["GET"]}}],"collection":[{"href":"https:\/\/www.nik-security.de\/en\/wp-json\/wp\/v2\/pages"}],"about":[{"href":"https:\/\/www.nik-security.de\/en\/wp-json\/wp\/v2\/types\/page"}],"author":[{"embeddable":true,"href":"https:\/\/www.nik-security.de\/en\/wp-json\/wp\/v2\/users\/1"}],"replies":[{"embeddable":true,"href":"https:\/\/www.nik-security.de\/en\/wp-json\/wp\/v2\/comments?post=8504"}],"version-history":[{"count":3,"href":"https:\/\/www.nik-security.de\/en\/wp-json\/wp\/v2\/pages\/8504\/revisions"}],"predecessor-version":[{"id":9867,"href":"https:\/\/www.nik-security.de\/en\/wp-json\/wp\/v2\/pages\/8504\/revisions\/9867"}],"wp:attachment":[{"href":"https:\/\/www.nik-security.de\/en\/wp-json\/wp\/v2\/media?parent=8504"}],"curies":[{"name":"wp","href":"https:\/\/api.w.org\/{rel}","templated":true}]}}